{"id":340,"date":"2025-08-06T05:06:24","date_gmt":"2025-08-06T05:06:24","guid":{"rendered":"https:\/\/losyapas.org\/?page_id=340"},"modified":"2025-08-10T06:15:12","modified_gmt":"2025-08-10T06:15:12","slug":"who-we-are","status":"publish","type":"page","link":"https:\/\/losyapas.org\/es\/who-we-are\/","title":{"rendered":"\u00bfQuienes somos?"},"content":{"rendered":"<div data-elementor-type=\"wp-page\" data-elementor-id=\"340\" class=\"elementor elementor-340\" data-elementor-post-type=\"page\">\n\t\t\t\t\t\t<section data-particle_enable=\"false\" data-particle-mobile-disabled=\"false\" class=\"elementor-section elementor-top-section elementor-element elementor-element-c79cf13 elementor-section-boxed elementor-section-height-default elementor-section-height-default\" data-id=\"c79cf13\" data-element_type=\"section\">\n\t\t\t\t\t\t<div class=\"elementor-container elementor-column-gap-no\">\n\t\t\t\t\t<div class=\"elementor-column elementor-col-100 elementor-top-column elementor-element elementor-element-da94f7d\" data-id=\"da94f7d\" data-element_type=\"column\">\n\t\t\t<div class=\"elementor-widget-wrap elementor-element-populated\">\n\t\t\t\t\t\t<section data-particle_enable=\"false\" data-particle-mobile-disabled=\"false\" class=\"elementor-section elementor-inner-section elementor-element elementor-element-59f3568 elementor-section-boxed elementor-section-height-default elementor-section-height-default\" data-id=\"59f3568\" data-element_type=\"section\">\n\t\t\t\t\t\t<div class=\"elementor-container elementor-column-gap-no\">\n\t\t\t\t\t<div class=\"elementor-column elementor-col-100 elementor-inner-column elementor-element elementor-element-fb353af\" data-id=\"fb353af\" data-element_type=\"column\">\n\t\t\t<div class=\"elementor-widget-wrap elementor-element-populated\">\n\t\t\t\t\t\t<div class=\"elementor-element elementor-element-67f3578 elementor-widget elementor-widget-heading\" data-id=\"67f3578\" data-element_type=\"widget\" data-widget_type=\"heading.default\">\n\t\t\t\t\t<h2 class=\"elementor-heading-title elementor-size-default\"> Quienes somos\n<\/h2>\t\t\t\t<\/div>\n\t\t\t\t<div class=\"elementor-element elementor-element-3710795 elementor-widget elementor-widget-text-editor\" data-id=\"3710795\" data-element_type=\"widget\" data-widget_type=\"text-editor.default\">\n\t\t\t\t\t\t\t\t\t<p class=\"translation-block\">Somos una familia de sanadores de la Tierra y del ser humano que en 2006 cre\u00f3 el Parque Bot\u00e1nico Los Yapas, con el objetivo de convertirse en un ejemplo de restauraci\u00f3n socioambiental de \u00e1reas deforestadas y contaminadas de la Amazon\u00eda ecuatoriana.<br>Desde sus inicios, Los Yapas se ha enfocado en la creaci\u00f3n y fortalecimiento de pr\u00e1cticas alternativas en los \u00e1mbitos social, cultural, econ\u00f3mico y ambiental, basadas en la conservaci\u00f3n de los h\u00e1bitats y las comunidades locales, as\u00ed como en la preservaci\u00f3n de la salud humana.<br>Creemos en la profunda conexi\u00f3n entre el ser humano y el medio ambiente, por lo que contemplamos la recuperaci\u00f3n de nuestra tierra y nuestros bosques a trav\u00e9s del prisma de la recuperaci\u00f3n de la salud humana, y viceversa.<\/p>\t\t\t\t\t\t\t\t<\/div>\n\t\t\t\t\t<\/div>\n\t\t<\/div>\n\t\t\t\t\t<\/div>\n\t\t<\/section>\n\t\t\t\t<section data-particle_enable=\"false\" data-particle-mobile-disabled=\"false\" class=\"elementor-section elementor-inner-section elementor-element elementor-element-d9ced11 elementor-section-boxed elementor-section-height-default elementor-section-height-default\" data-id=\"d9ced11\" data-element_type=\"section\">\n\t\t\t\t\t\t<div class=\"elementor-container elementor-column-gap-no\">\n\t\t\t\t\t<div class=\"elementor-column elementor-col-33 elementor-inner-column elementor-element elementor-element-1ec0cfe\" data-id=\"1ec0cfe\" data-element_type=\"column\">\n\t\t\t<div class=\"elementor-widget-wrap elementor-element-populated\">\n\t\t\t\t\t\t<div class=\"elementor-element elementor-element-7adf7f7 eael-team-align-centered elementor-invisible elementor-widget elementor-widget-eael-team-member\" data-id=\"7adf7f7\" data-element_type=\"widget\" data-settings=\"{&quot;_animation&quot;:&quot;zoomIn&quot;}\" data-widget_type=\"eael-team-member.default\">\n\t\t\t\t\t\n\n\t<div id=\"eael-team-member-7adf7f7\" class=\"eael-team-item eael-team-members-centered\">\n\t\t<div class=\"eael-team-item-inner\">\n\t\t\t<div class=\"eael-team-image\">\n\t\t\t\t<figure>\n\t\t\t\t\t\t\t\t\t\t<img decoding=\"async\" src=\"https:\/\/losyapas.org\/wp-content\/uploads\/2025\/08\/foto-Gabi-presentacion-ligera.jpg\" alt=\"\">\n\t\t\t\t\t\t\t\t\t<\/figure>\n\t\t\t\t\n\t\t\t\t\n\t\t\t<\/div>\n\n\t\t\t<div class=\"eael-team-content\">\n\t\t\t\t<h2 class=\"eael-team-member-name\"> Gabriela Aguilar<\/h2><h3 class=\"eael-team-member-position\">CEO y cofundadora del Centro Hol\u00edstico Los Yapas<\/h3>\n\t\t\t\t\t\t\t\t\t\t\t\t\t\t<p class=\"eael-team-text\"> Doctorado en biolog\u00eda molecular y bioqu\u00edmica.\nDirector Ejecutivo de la Fundaci\u00f3n Kausana.\n12 a\u00f1os de experiencia como sanador hol\u00edstico en medicina ancestral.\n12 a\u00f1os de experiencia en permacultura y plantas medicinales.\nMaestro de Reiki.<\/p>\n\t\t\t\t\t\t\t<\/div>\n\t\t<\/div>\n\t<\/div>\n\t\t\t\t\t<\/div>\n\t\t\t\t\t<\/div>\n\t\t<\/div>\n\t\t\t\t<div class=\"elementor-column elementor-col-33 elementor-inner-column elementor-element elementor-element-f1081d2\" data-id=\"f1081d2\" data-element_type=\"column\">\n\t\t\t<div class=\"elementor-widget-wrap elementor-element-populated\">\n\t\t\t\t\t\t<div class=\"elementor-element elementor-element-233530e eael-team-align-centered elementor-invisible elementor-widget elementor-widget-eael-team-member\" data-id=\"233530e\" data-element_type=\"widget\" data-settings=\"{&quot;_animation&quot;:&quot;zoomIn&quot;}\" data-widget_type=\"eael-team-member.default\">\n\t\t\t\t\t\n\n\t<div id=\"eael-team-member-233530e\" class=\"eael-team-item eael-team-members-centered\">\n\t\t<div class=\"eael-team-item-inner\">\n\t\t\t<div class=\"eael-team-image\">\n\t\t\t\t<figure>\n\t\t\t\t\t\t\t\t\t\t<img decoding=\"async\" src=\"https:\/\/losyapas.org\/wp-content\/uploads\/2025\/08\/foto-Joel-presentacion-ligera.jpg\" alt=\"\">\n\t\t\t\t\t\t\t\t\t<\/figure>\n\t\t\t\t\n\t\t\t\t\n\t\t\t<\/div>\n\n\t\t\t<div class=\"eael-team-content\">\n\t\t\t\t<h2 class=\"eael-team-member-name\">Joel Luthi<\/h2><h3 class=\"eael-team-member-position\">Director de operaciones del Centro Hol\u00edstico Los Yapas<\/h3>\n\t\t\t\t\t\t\t\t\t\t\t\t\t\t<p class=\"eael-team-text\"> Experto en bioconstrucci\u00f3n\n6 a\u00f1os de experiencia en permacultura y elaboraci\u00f3n de suplementos alimenticios y cosm\u00e9tica natural.\n6 a\u00f1os de experiencia en turismo regenerativo, gu\u00eda y administraci\u00f3n de empresas.\nCertificado en mec\u00e1nica de motocicletas.<\/p>\n\t\t\t\t\t\t\t<\/div>\n\t\t<\/div>\n\t<\/div>\n\t\t\t\t\t<\/div>\n\t\t\t\t\t<\/div>\n\t\t<\/div>\n\t\t\t\t<div class=\"elementor-column elementor-col-33 elementor-inner-column elementor-element elementor-element-1aecd8d\" data-id=\"1aecd8d\" data-element_type=\"column\">\n\t\t\t<div class=\"elementor-widget-wrap elementor-element-populated\">\n\t\t\t\t\t\t<div class=\"elementor-element elementor-element-936c801 eael-team-align-centered elementor-invisible elementor-widget elementor-widget-eael-team-member\" data-id=\"936c801\" data-element_type=\"widget\" data-settings=\"{&quot;_animation&quot;:&quot;zoomIn&quot;}\" data-widget_type=\"eael-team-member.default\">\n\t\t\t\t\t\n\n\t<div id=\"eael-team-member-936c801\" class=\"eael-team-item eael-team-members-centered\">\n\t\t<div class=\"eael-team-item-inner\">\n\t\t\t<div class=\"eael-team-image\">\n\t\t\t\t<figure>\n\t\t\t\t\t\t\t\t\t\t<img decoding=\"async\" src=\"https:\/\/losyapas.org\/wp-content\/uploads\/2025\/08\/Pape-y-Abu.jpg\" alt=\"\">\n\t\t\t\t\t\t\t\t\t<\/figure>\n\t\t\t\t\n\t\t\t\t\n\t\t\t<\/div>\n\n\t\t\t<div class=\"eael-team-content\">\n\t\t\t\t<h2 class=\"eael-team-member-name\"> Victor Aguilar<\/h2><h3 class=\"eael-team-member-position\">CFO y cofundador del Centro Hol\u00edstico Los Yapas<\/h3>\n\t\t\t\t\t\t\t\t\t\t\t\t\t\t<p class=\"eael-team-text\">M\u00e1ster en Inform\u00e1tica.\n16 a\u00f1os de experiencia en agroforester\u00eda.\nDirector de la Fundaci\u00f3n Kausana.<\/p>\n\t\t\t\t\t\t\t<\/div>\n\t\t<\/div>\n\t<\/div>\n\t\t\t\t\t<\/div>\n\t\t\t\t\t<\/div>\n\t\t<\/div>\n\t\t\t\t\t<\/div>\n\t\t<\/section>\n\t\t\t\t\t<\/div>\n\t\t<\/div>\n\t\t\t\t\t<\/div>\n\t\t<\/section>\n\t\t\t\t<\/div>","protected":false},"excerpt":{"rendered":"<p>Who we are \u00a0We are a family of healers of the Earth and of the human being who in 2006 [&hellip;]<\/p>","protected":false},"author":1,"featured_media":0,"parent":0,"menu_order":0,"comment_status":"closed","ping_status":"closed","template":"elementor_header_footer","meta":{"site-sidebar-layout":"no-sidebar","site-content-layout":"","ast-site-content-layout":"full-width-container","site-content-style":"default","site-sidebar-style":"default","ast-global-header-display":"","ast-banner-title-visibility":"","ast-main-header-display":"","ast-hfb-above-header-display":"","ast-hfb-below-header-display":"","ast-hfb-mobile-header-display":"","site-post-title":"disabled","ast-breadcrumbs-content":"","ast-featured-img":"disabled","footer-sml-layout":"","theme-transparent-header-meta":"","adv-header-id-meta":"","stick-header-meta":"","header-above-stick-meta":"","header-main-stick-meta":"","header-below-stick-meta":"","astra-migrate-meta-layouts":"default","ast-page-background-enabled":"default","ast-page-background-meta":{"desktop":{"background-color":"var(--ast-global-color-5)","background-image":"","background-repeat":"repeat","background-position":"center center","background-size":"auto","background-attachment":"scroll","background-type":"","background-media":"","overlay-type":"","overlay-color":"","overlay-opacity":"","overlay-gradient":""},"tablet":{"background-color":"","background-image":"","background-repeat":"repeat","background-position":"center center","background-size":"auto","background-attachment":"scroll","background-type":"","background-media":"","overlay-type":"","overlay-color":"","overlay-opacity":"","overlay-gradient":""},"mobile":{"background-color":"","background-image":"","background-repeat":"repeat","background-position":"center center","background-size":"auto","background-attachment":"scroll","background-type":"","background-media":"","overlay-type":"","overlay-color":"","overlay-opacity":"","overlay-gradient":""}},"ast-content-background-meta":{"desktop":{"background-color":"var(--ast-global-color-4)","background-image":"","background-repeat":"repeat","background-position":"center center","background-size":"auto","background-attachment":"scroll","background-type":"","background-media":"","overlay-type":"","overlay-color":"","overlay-opacity":"","overlay-gradient":""},"tablet":{"background-color":"var(--ast-global-color-4)","background-image":"","background-repeat":"repeat","background-position":"center center","background-size":"auto","background-attachment":"scroll","background-type":"","background-media":"","overlay-type":"","overlay-color":"","overlay-opacity":"","overlay-gradient":""},"mobile":{"background-color":"var(--ast-global-color-4)","background-image":"","background-repeat":"repeat","background-position":"center center","background-size":"auto","background-attachment":"scroll","background-type":"","background-media":"","overlay-type":"","overlay-color":"","overlay-opacity":"","overlay-gradient":""}},"footnotes":""},"class_list":["post-340","page","type-page","status-publish","hentry"],"_links":{"self":[{"href":"https:\/\/losyapas.org\/es\/wp-json\/wp\/v2\/pages\/340","targetHints":{"allow":["GET"]}}],"collection":[{"href":"https:\/\/losyapas.org\/es\/wp-json\/wp\/v2\/pages"}],"about":[{"href":"https:\/\/losyapas.org\/es\/wp-json\/wp\/v2\/types\/page"}],"author":[{"embeddable":true,"href":"https:\/\/losyapas.org\/es\/wp-json\/wp\/v2\/users\/1"}],"replies":[{"embeddable":true,"href":"https:\/\/losyapas.org\/es\/wp-json\/wp\/v2\/comments?post=340"}],"version-history":[{"count":13,"href":"https:\/\/losyapas.org\/es\/wp-json\/wp\/v2\/pages\/340\/revisions"}],"predecessor-version":[{"id":446,"href":"https:\/\/losyapas.org\/es\/wp-json\/wp\/v2\/pages\/340\/revisions\/446"}],"wp:attachment":[{"href":"https:\/\/losyapas.org\/es\/wp-json\/wp\/v2\/media?parent=340"}],"curies":[{"name":"wp","href":"https:\/\/api.w.org\/{rel}","templated":true}]}}