{"id":369,"date":"2025-08-08T21:58:09","date_gmt":"2025-08-08T21:58:09","guid":{"rendered":"https:\/\/losyapas.org\/?page_id=369"},"modified":"2025-10-24T02:49:15","modified_gmt":"2025-10-24T02:49:15","slug":"foundation","status":"publish","type":"page","link":"https:\/\/losyapas.org\/es\/who-we-are\/foundation\/","title":{"rendered":"Foundation"},"content":{"rendered":"<div data-elementor-type=\"wp-page\" data-elementor-id=\"369\" class=\"elementor elementor-369\" data-elementor-post-type=\"page\">\n\t\t\t\t\t\t<section data-particle_enable=\"false\" data-particle-mobile-disabled=\"false\" class=\"elementor-section elementor-top-section elementor-element elementor-element-67b3173 elementor-section-boxed elementor-section-height-default elementor-section-height-default\" data-id=\"67b3173\" data-element_type=\"section\">\n\t\t\t\t\t\t<div class=\"elementor-container elementor-column-gap-no\">\n\t\t\t\t\t<div class=\"elementor-column elementor-col-100 elementor-top-column elementor-element elementor-element-528e50e elementor-invisible\" data-id=\"528e50e\" data-element_type=\"column\" data-settings=\"{&quot;animation&quot;:&quot;fadeInDown&quot;}\">\n\t\t\t<div class=\"elementor-widget-wrap elementor-element-populated\">\n\t\t\t\t\t\t<div class=\"elementor-element elementor-element-6aa61ee elementor-widget elementor-widget-image\" data-id=\"6aa61ee\" data-element_type=\"widget\" data-widget_type=\"image.default\">\n\t\t\t\t\t\t\t\t\t\t\t\t\t\t\t<img fetchpriority=\"high\" decoding=\"async\" width=\"1024\" height=\"279\" src=\"https:\/\/losyapas.org\/wp-content\/uploads\/2025\/08\/logo-kausana-1024x279.png\" class=\"attachment-large size-large wp-image-649\" alt=\"\" srcset=\"https:\/\/losyapas.org\/wp-content\/uploads\/2025\/08\/logo-kausana-1024x279.png 1024w, https:\/\/losyapas.org\/wp-content\/uploads\/2025\/08\/logo-kausana-300x82.png 300w, https:\/\/losyapas.org\/wp-content\/uploads\/2025\/08\/logo-kausana-768x209.png 768w, https:\/\/losyapas.org\/wp-content\/uploads\/2025\/08\/logo-kausana-600x164.png 600w, https:\/\/losyapas.org\/wp-content\/uploads\/2025\/08\/logo-kausana.png 1071w\" sizes=\"(max-width: 1024px) 100vw, 1024px\" \/>\t\t\t\t\t\t\t\t\t\t\t\t\t\t\t<\/div>\n\t\t\t\t<div class=\"elementor-element elementor-element-8a37c57 elementor-widget elementor-widget-heading\" data-id=\"8a37c57\" data-element_type=\"widget\" data-widget_type=\"heading.default\">\n\t\t\t\t\t<h2 class=\"elementor-heading-title elementor-size-default\">Fundaci\u00f3n Kausana<\/h2>\t\t\t\t<\/div>\n\t\t\t\t<div class=\"elementor-element elementor-element-e48da8b elementor-widget elementor-widget-heading\" data-id=\"e48da8b\" data-element_type=\"widget\" data-widget_type=\"heading.default\">\n\t\t\t\t\t<h2 class=\"elementor-heading-title elementor-size-default\">Naturaleza para curar, curaci\u00f3n para la naturaleza<\/h2>\t\t\t\t<\/div>\n\t\t\t\t<div class=\"elementor-element elementor-element-48a2b92 elementor-widget elementor-widget-text-editor\" data-id=\"48a2b92\" data-element_type=\"widget\" data-widget_type=\"text-editor.default\">\n\t\t\t\t\t\t\t\t\t<p class=\"translation-block\">Somos sanadores de la Tierra y de todos los seres vivos, humanos y no humanos.<br data-start=\"272\" data-end=\"275\">Apoyamos las iniciativas ind\u00edgenas para conservar la Amazon\u00eda y hemos establecido nuestra base en un terreno llamado <strong data-start=\"388\" data-end=\"401\">Los Yapas<\/strong> para:<\/p>\t\t\t\t\t\t\t\t<\/div>\n\t\t\t\t<div class=\"elementor-element elementor-element-4c51407 elementor-align-center elementor-icon-list--layout-traditional elementor-list-item-link-full_width elementor-widget elementor-widget-icon-list\" data-id=\"4c51407\" data-element_type=\"widget\" data-widget_type=\"icon-list.default\">\n\t\t\t\t\t\t\t<ul class=\"elementor-icon-list-items\">\n\t\t\t\t\t\t\t<li class=\"elementor-icon-list-item\">\n\t\t\t\t\t\t\t\t\t\t\t<span class=\"elementor-icon-list-icon\">\n\t\t\t\t\t\t\t<svg aria-hidden=\"true\" class=\"e-font-icon-svg e-fas-check\" viewbox=\"0 0 512 512\" xmlns=\"http:\/\/www.w3.org\/2000\/svg\"><path d=\"M173.898 439.404l-166.4-166.4c-9.997-9.997-9.997-26.206 0-36.204l36.203-36.204c9.997-9.998 26.207-9.998 36.204 0L192 312.69 432.095 72.596c9.997-9.997 26.207-9.997 36.204 0l36.203 36.204c9.997 9.997 9.997 26.206 0 36.204l-294.4 294.401c-9.998 9.997-26.207 9.997-36.204-.001z\"><\/path><\/svg>\t\t\t\t\t\t<\/span>\n\t\t\t\t\t\t\t\t\t\t<span class=\"elementor-icon-list-text\">Restaurar el bosque.<\/span>\n\t\t\t\t\t\t\t\t\t<\/li>\n\t\t\t\t\t\t\t\t<li class=\"elementor-icon-list-item\">\n\t\t\t\t\t\t\t\t\t\t\t<span class=\"elementor-icon-list-icon\">\n\t\t\t\t\t\t\t<svg aria-hidden=\"true\" class=\"e-font-icon-svg e-fas-check\" viewbox=\"0 0 512 512\" xmlns=\"http:\/\/www.w3.org\/2000\/svg\"><path d=\"M173.898 439.404l-166.4-166.4c-9.997-9.997-9.997-26.206 0-36.204l36.203-36.204c9.997-9.998 26.207-9.998 36.204 0L192 312.69 432.095 72.596c9.997-9.997 26.207-9.997 36.204 0l36.203 36.204c9.997 9.997 9.997 26.206 0 36.204l-294.4 294.401c-9.998 9.997-26.207 9.997-36.204-.001z\"><\/path><\/svg>\t\t\t\t\t\t<\/span>\n\t\t\t\t\t\t\t\t\t\t<span class=\"elementor-icon-list-text\">Rescatar la flora nativa y end\u00e9mica.<\/span>\n\t\t\t\t\t\t\t\t\t<\/li>\n\t\t\t\t\t\t\t\t<li class=\"elementor-icon-list-item\">\n\t\t\t\t\t\t\t\t\t\t\t<span class=\"elementor-icon-list-icon\">\n\t\t\t\t\t\t\t<svg aria-hidden=\"true\" class=\"e-font-icon-svg e-fas-check\" viewbox=\"0 0 512 512\" xmlns=\"http:\/\/www.w3.org\/2000\/svg\"><path d=\"M173.898 439.404l-166.4-166.4c-9.997-9.997-9.997-26.206 0-36.204l36.203-36.204c9.997-9.998 26.207-9.998 36.204 0L192 312.69 432.095 72.596c9.997-9.997 26.207-9.997 36.204 0l36.203 36.204c9.997 9.997 9.997 26.206 0 36.204l-294.4 294.401c-9.998 9.997-26.207 9.997-36.204-.001z\"><\/path><\/svg>\t\t\t\t\t\t<\/span>\n\t\t\t\t\t\t\t\t\t\t<span class=\"elementor-icon-list-text\">Canalizar la sanaci\u00f3n para todos los seres que viven aqu\u00ed o nos visitan.<\/span>\n\t\t\t\t\t\t\t\t\t<\/li>\n\t\t\t\t\t\t<\/ul>\n\t\t\t\t\t\t<\/div>\n\t\t\t\t<div class=\"elementor-element elementor-element-c8adfc7 elementor-widget elementor-widget-eael-adv-tabs\" data-id=\"c8adfc7\" data-element_type=\"widget\" data-widget_type=\"eael-adv-tabs.default\">\n\t\t\t\t\t        <div data-scroll-on-click=\"\" data-scroll-speed=\"300\" id=\"eael-advance-tabs-c8adfc7\" class=\"eael-advance-tabs eael-tabs-vertical eael-tab-auto-active eael-tab-toggle\" data-tabid=\"c8adfc7\">\n            <div class=\"eael-tabs-nav\">\n                <ul class=\"eael-tab-inline-icon\" role=\"tablist\">\n                                            <li id=\"mission\" class=\"inactive eael-tab-item-trigger eael-tab-nav-item\" aria-selected=\"true\" data-tab=\"1\" role=\"tab\" tabindex=\"0\" aria-controls=\"mission-tab\" aria-expanded=\"false\">\n                            \n                                                                <svg class=\"e-font-icon-svg e-fas-home\" viewbox=\"0 0 576 512\" xmlns=\"http:\/\/www.w3.org\/2000\/svg\"><path d=\"M280.37 148.26L96 300.11V464a16 16 0 0 0 16 16l112.06-.29a16 16 0 0 0 15.92-16V368a16 16 0 0 1 16-16h64a16 16 0 0 1 16 16v95.64a16 16 0 0 0 16 16.05L464 480a16 16 0 0 0 16-16V300L295.67 148.26a12.19 12.19 0 0 0-15.3 0zM571.6 251.47L488 182.56V44.05a12 12 0 0 0-12-12h-56a12 12 0 0 0-12 12v72.61L318.47 43a48 48 0 0 0-61 0L4.34 251.47a12 12 0 0 0-1.6 16.9l25.5 31A12 12 0 0 0 45.15 301l235.22-193.74a12.19 12.19 0 0 1 15.3 0L530.9 301a12 12 0 0 0 16.9-1.6l25.5-31a12 12 0 0 0-1.7-16.93z\"><\/path><\/svg>                                                            \n                                                            <span class=\"eael-tab-title title-after-icon\" >Misi\u00f3n<\/span>                            \n                                                    <\/li>\n                                            <li id=\"vision\" class=\"inactive eael-tab-item-trigger eael-tab-nav-item\" aria-selected=\"false\" data-tab=\"2\" role=\"tab\" tabindex=\"-1\" aria-controls=\"vision-tab\" aria-expanded=\"false\">\n                            \n                                                                <svg class=\"e-font-icon-svg e-fas-home\" viewbox=\"0 0 576 512\" xmlns=\"http:\/\/www.w3.org\/2000\/svg\"><path d=\"M280.37 148.26L96 300.11V464a16 16 0 0 0 16 16l112.06-.29a16 16 0 0 0 15.92-16V368a16 16 0 0 1 16-16h64a16 16 0 0 1 16 16v95.64a16 16 0 0 0 16 16.05L464 480a16 16 0 0 0 16-16V300L295.67 148.26a12.19 12.19 0 0 0-15.3 0zM571.6 251.47L488 182.56V44.05a12 12 0 0 0-12-12h-56a12 12 0 0 0-12 12v72.61L318.47 43a48 48 0 0 0-61 0L4.34 251.47a12 12 0 0 0-1.6 16.9l25.5 31A12 12 0 0 0 45.15 301l235.22-193.74a12.19 12.19 0 0 1 15.3 0L530.9 301a12 12 0 0 0 16.9-1.6l25.5-31a12 12 0 0 0-1.7-16.93z\"><\/path><\/svg>                                                            \n                                                            <span class=\"eael-tab-title title-after-icon\" >Visi\u00f3n<\/span>                            \n                                                    <\/li>\n                                            <li id=\"our-goal\" class=\"inactive eael-tab-item-trigger eael-tab-nav-item\" aria-selected=\"false\" data-tab=\"3\" role=\"tab\" tabindex=\"-1\" aria-controls=\"our-goal-tab\" aria-expanded=\"false\">\n                            \n                                                                <svg class=\"e-font-icon-svg e-fas-home\" viewbox=\"0 0 576 512\" xmlns=\"http:\/\/www.w3.org\/2000\/svg\"><path d=\"M280.37 148.26L96 300.11V464a16 16 0 0 0 16 16l112.06-.29a16 16 0 0 0 15.92-16V368a16 16 0 0 1 16-16h64a16 16 0 0 1 16 16v95.64a16 16 0 0 0 16 16.05L464 480a16 16 0 0 0 16-16V300L295.67 148.26a12.19 12.19 0 0 0-15.3 0zM571.6 251.47L488 182.56V44.05a12 12 0 0 0-12-12h-56a12 12 0 0 0-12 12v72.61L318.47 43a48 48 0 0 0-61 0L4.34 251.47a12 12 0 0 0-1.6 16.9l25.5 31A12 12 0 0 0 45.15 301l235.22-193.74a12.19 12.19 0 0 1 15.3 0L530.9 301a12 12 0 0 0 16.9-1.6l25.5-31a12 12 0 0 0-1.7-16.93z\"><\/path><\/svg>                                                            \n                                                            <span class=\"eael-tab-title title-after-icon\" >Nuestro objetivo<\/span>                            \n                                                    <\/li>\n                                            <li id=\"our-projects\" class=\"inactive eael-tab-item-trigger eael-tab-nav-item\" aria-selected=\"false\" data-tab=\"4\" role=\"tab\" tabindex=\"-1\" aria-controls=\"our-projects-tab\" aria-expanded=\"false\">\n                            \n                                                                <svg class=\"e-font-icon-svg e-fas-home\" viewbox=\"0 0 576 512\" xmlns=\"http:\/\/www.w3.org\/2000\/svg\"><path d=\"M280.37 148.26L96 300.11V464a16 16 0 0 0 16 16l112.06-.29a16 16 0 0 0 15.92-16V368a16 16 0 0 1 16-16h64a16 16 0 0 1 16 16v95.64a16 16 0 0 0 16 16.05L464 480a16 16 0 0 0 16-16V300L295.67 148.26a12.19 12.19 0 0 0-15.3 0zM571.6 251.47L488 182.56V44.05a12 12 0 0 0-12-12h-56a12 12 0 0 0-12 12v72.61L318.47 43a48 48 0 0 0-61 0L4.34 251.47a12 12 0 0 0-1.6 16.9l25.5 31A12 12 0 0 0 45.15 301l235.22-193.74a12.19 12.19 0 0 1 15.3 0L530.9 301a12 12 0 0 0 16.9-1.6l25.5-31a12 12 0 0 0-1.7-16.93z\"><\/path><\/svg>                                                            \n                                                            <span class=\"eael-tab-title title-after-icon\" >Nuestros Proyectos<\/span>                            \n                                                    <\/li>\n                    \n                                  <\/ul>\n            <\/div>\n            \n            <div class=\"eael-tabs-content\">\n\t\t        \n                    <div id=\"mission-tab\" class=\"clearfix eael-tab-content-item inactive\" data-title-link=\"mission-tab\">\n\t\t\t\t        <p class=\"translation-block\">Servir como canales para generar conciencia sobre la conservaci\u00f3n y regeneraci\u00f3n de los bosques amaz\u00f3nicos y del tejido social de las comunidades que habitan este pulm\u00f3n del mundo.<br data-start=\"848\" data-end=\"851\">Logramos esto a trav\u00e9s de la regeneraci\u00f3n del bosque y de la salud humana integral y hol\u00edstica.<\/p>                    <\/div>\n\t\t        \n                    <div id=\"vision-tab\" class=\"clearfix eael-tab-content-item inactive\" data-title-link=\"vision-tab\">\n\t\t\t\t        <p data-start=\"554\" data-end=\"648\">Restaurar la selva amaz\u00f3nica y preservar las culturas y los bosques pr\u00edstinos de la regi\u00f3n.<\/p>                    <\/div>\n\t\t        \n                    <div id=\"our-goal-tab\" class=\"clearfix eael-tab-content-item inactive\" data-title-link=\"our-goal-tab\">\n\t\t\t\t        <p data-start=\"969\" data-end=\"1127\">Crear una comunidad donde personas con los mismos sue\u00f1os y valores puedan conectarse, intercambiar conocimientos y co-crear para el bien com\u00fan y la conservaci\u00f3n de la naturaleza.<\/p>                    <\/div>\n\t\t        \n                    <div id=\"our-projects-tab\" class=\"clearfix eael-tab-content-item inactive\" data-title-link=\"our-projects-tab\">\n\t\t\t\t        <p data-start=\"1172\" data-end=\"1200\">\ud83c\udf31 <strong data-start=\"1175\" data-end=\"1198\">Regeneraci\u00f3n forestal<\/strong><\/p><ul data-start=\"1201\" data-end=\"1283\"><li data-start=\"1201\" data-end=\"1283\"><p data-start=\"1203\" data-end=\"1283\" class=\"translation-block\">M\u00e1s de <strong data-start=\"1208\" data-end=\"1223\">25 hect\u00e1reas<\/strong> regeneradas con especies nativas, end\u00e9micas y en peligro de extinci\u00f3n.<\/p><\/li><\/ul><p data-start=\"1285\" data-end=\"1322\">\ud83c\udf3a <strong data-start=\"1288\" data-end=\"1320\">Jard\u00edn Bot\u00e1nico Educativo<\/strong><\/p><ul data-start=\"1323\" data-end=\"1421\"><li data-start=\"1323\" data-end=\"1421\"><p data-start=\"1325\" data-end=\"1421\">Identificaci\u00f3n, mapeo y se\u00f1alizaci\u00f3n de especies con sus propiedades y conocimientos ancestrales.<\/p><\/li><\/ul><p data-start=\"1423\" data-end=\"1452\">\u267b <strong data-start=\"1425\" data-end=\"1450\">Sustainable Economies<\/strong><\/p><ul data-start=\"1453\" data-end=\"1540\"><li data-start=\"1453\" data-end=\"1540\"><p data-start=\"1455\" data-end=\"1540\">Utilizando la permacultura para generar ingresos conservando y regenerando el bosque.<\/p><\/li><\/ul><p data-start=\"1542\" data-end=\"1576\">\ud83c\udfe1 <strong data-start=\"1545\" data-end=\"1574\">Centro Hol\u00edstico Los Yapas<\/strong><\/p><ul data-start=\"1577\" data-end=\"1677\"><li data-start=\"1577\" data-end=\"1677\"><p data-start=\"1579\" data-end=\"1677\">Alojamiento, retiros de sanaci\u00f3n y talleres de permacultura en un entorno de bosque regenerado.<\/p><\/li><\/ul><p data-start=\"1679\" data-end=\"1725\">\ud83c\udf3f <strong data-start=\"1682\" data-end=\"1723\">Co-creations under the Ta\u2019gueri brand<\/strong><\/p><ul data-start=\"1726\" data-end=\"1822\"><li data-start=\"1726\" data-end=\"1822\"><p data-start=\"1728\" data-end=\"1822\">Aceites esenciales, extractos, alimentos, cosm\u00e9tica natural y productos para la salud humana y animal.<\/p><\/li><\/ul><p data-start=\"1824\" data-end=\"1875\">\ud83d\udc69\u200d\ud83d\udc67 <strong data-start=\"1830\" data-end=\"1873\">Support for Indigenous Women &amp; Children<\/strong><\/p><ul data-start=\"1876\" data-end=\"1977\"><li data-start=\"1876\" data-end=\"1977\"><p data-start=\"1878\" data-end=\"1977\">Talleres y retiros para mejorar la salud, la autonom\u00eda econ\u00f3mica y la conservaci\u00f3n de sus territorios.<\/p><\/li><\/ul>                    <\/div>\n\t\t                    <\/div>\n        <\/div>\n\t\t\t\t<\/div>\n\t\t\t\t\t<\/div>\n\t\t<\/div>\n\t\t\t\t\t<\/div>\n\t\t<\/section>\n\t\t\t\t<section data-particle_enable=\"false\" data-particle-mobile-disabled=\"false\" class=\"elementor-section elementor-top-section elementor-element elementor-element-98c73c4 elementor-section-boxed elementor-section-height-default elementor-section-height-default\" data-id=\"98c73c4\" data-element_type=\"section\">\n\t\t\t\t\t\t<div class=\"elementor-container elementor-column-gap-no\">\n\t\t\t\t\t<div class=\"elementor-column elementor-col-100 elementor-top-column elementor-element elementor-element-20a22dd elementor-invisible\" data-id=\"20a22dd\" data-element_type=\"column\" data-settings=\"{&quot;animation&quot;:&quot;fadeInDown&quot;}\">\n\t\t\t<div class=\"elementor-widget-wrap elementor-element-populated\">\n\t\t\t\t\t\t<div class=\"elementor-element elementor-element-afb0b82 elementor-widget elementor-widget-heading\" data-id=\"afb0b82\" data-element_type=\"widget\" data-widget_type=\"heading.default\">\n\t\t\t\t\t<h2 class=\"elementor-heading-title elementor-size-default\">C\u00f3mo puedes ayudar\n<\/h2>\t\t\t\t<\/div>\n\t\t\t\t<div class=\"elementor-element elementor-element-b361825 elementor-widget elementor-widget-text-editor\" data-id=\"b361825\" data-element_type=\"widget\" data-widget_type=\"text-editor.default\">\n\t\t\t\t\t\t\t\t\t<p data-start=\"2010\" data-end=\"2231\" class=\"translation-block\">Nuestros proyectos requieren apoyo financiero y profesional para continuar.<br data-start=\"2078\" data-end=\"2081\">Si compartes nuestra misi\u00f3n, puedes unirte como colaborador, voluntario o donante para ayudar a regenerar la Amazon\u00eda y proteger los bosques primarios que a\u00fan permanecen.<\/p>\t\t\t\t\t\t\t\t<\/div>\n\t\t\t\t<div class=\"elementor-element elementor-element-da4f732 elementor-align-center elementor-widget elementor-widget-button\" data-id=\"da4f732\" data-element_type=\"widget\" data-widget_type=\"button.default\">\n\t\t\t\t\t\t\t\t\t\t<a class=\"elementor-button elementor-size-sm\" role=\"button\">\n\t\t\t\t\t\t<span class=\"elementor-button-content-wrapper\">\n\t\t\t\t\t\t\t\t\t<span class=\"elementor-button-text\">Con\u00e9ctate con nosotros<\/span>\n\t\t\t\t\t<\/span>\n\t\t\t\t\t<\/a>\n\t\t\t\t\t\t\t\t<\/div>\n\t\t\t\t\t<\/div>\n\t\t<\/div>\n\t\t\t\t\t<\/div>\n\t\t<\/section>\n\t\t\t\t<\/div>","protected":false},"excerpt":{"rendered":"<p>Kausana Foundation Nature for Healing, Healing for Nature We are healers of the Earth and all living beings, human and [&hellip;]<\/p>","protected":false},"author":1,"featured_media":0,"parent":340,"menu_order":0,"comment_status":"closed","ping_status":"closed","template":"elementor_header_footer","meta":{"site-sidebar-layout":"no-sidebar","site-content-layout":"","ast-site-content-layout":"full-width-container","site-content-style":"default","site-sidebar-style":"default","ast-global-header-display":"","ast-banner-title-visibility":"","ast-main-header-display":"","ast-hfb-above-header-display":"","ast-hfb-below-header-display":"","ast-hfb-mobile-header-display":"","site-post-title":"","ast-breadcrumbs-content":"","ast-featured-img":"disabled","footer-sml-layout":"","theme-transparent-header-meta":"","adv-header-id-meta":"","stick-header-meta":"","header-above-stick-meta":"","header-main-stick-meta":"","header-below-stick-meta":"","astra-migrate-meta-layouts":"default","ast-page-background-enabled":"default","ast-page-background-meta":{"desktop":{"background-color":"var(--ast-global-color-5)","background-image":"","background-repeat":"repeat","background-position":"center center","background-size":"auto","background-attachment":"scroll","background-type":"","background-media":"","overlay-type":"","overlay-color":"","overlay-opacity":"","overlay-gradient":""},"tablet":{"background-color":"","background-image":"","background-repeat":"repeat","background-position":"center center","background-size":"auto","background-attachment":"scroll","background-type":"","background-media":"","overlay-type":"","overlay-color":"","overlay-opacity":"","overlay-gradient":""},"mobile":{"background-color":"","background-image":"","background-repeat":"repeat","background-position":"center center","background-size":"auto","background-attachment":"scroll","background-type":"","background-media":"","overlay-type":"","overlay-color":"","overlay-opacity":"","overlay-gradient":""}},"ast-content-background-meta":{"desktop":{"background-color":"var(--ast-global-color-4)","background-image":"","background-repeat":"repeat","background-position":"center center","background-size":"auto","background-attachment":"scroll","background-type":"","background-media":"","overlay-type":"","overlay-color":"","overlay-opacity":"","overlay-gradient":""},"tablet":{"background-color":"var(--ast-global-color-4)","background-image":"","background-repeat":"repeat","background-position":"center center","background-size":"auto","background-attachment":"scroll","background-type":"","background-media":"","overlay-type":"","overlay-color":"","overlay-opacity":"","overlay-gradient":""},"mobile":{"background-color":"var(--ast-global-color-4)","background-image":"","background-repeat":"repeat","background-position":"center center","background-size":"auto","background-attachment":"scroll","background-type":"","background-media":"","overlay-type":"","overlay-color":"","overlay-opacity":"","overlay-gradient":""}},"footnotes":""},"class_list":["post-369","page","type-page","status-publish","hentry"],"_links":{"self":[{"href":"https:\/\/losyapas.org\/es\/wp-json\/wp\/v2\/pages\/369","targetHints":{"allow":["GET"]}}],"collection":[{"href":"https:\/\/losyapas.org\/es\/wp-json\/wp\/v2\/pages"}],"about":[{"href":"https:\/\/losyapas.org\/es\/wp-json\/wp\/v2\/types\/page"}],"author":[{"embeddable":true,"href":"https:\/\/losyapas.org\/es\/wp-json\/wp\/v2\/users\/1"}],"replies":[{"embeddable":true,"href":"https:\/\/losyapas.org\/es\/wp-json\/wp\/v2\/comments?post=369"}],"version-history":[{"count":13,"href":"https:\/\/losyapas.org\/es\/wp-json\/wp\/v2\/pages\/369\/revisions"}],"predecessor-version":[{"id":813,"href":"https:\/\/losyapas.org\/es\/wp-json\/wp\/v2\/pages\/369\/revisions\/813"}],"up":[{"embeddable":true,"href":"https:\/\/losyapas.org\/es\/wp-json\/wp\/v2\/pages\/340"}],"wp:attachment":[{"href":"https:\/\/losyapas.org\/es\/wp-json\/wp\/v2\/media?parent=369"}],"curies":[{"name":"wp","href":"https:\/\/api.w.org\/{rel}","templated":true}]}}