{"id":7,"date":"2025-07-31T20:15:31","date_gmt":"2025-07-31T20:15:31","guid":{"rendered":"https:\/\/losyapas.org\/?page_id=7"},"modified":"2026-04-05T00:03:32","modified_gmt":"2026-04-05T00:03:32","slug":"home","status":"publish","type":"page","link":"https:\/\/losyapas.org\/es\/","title":{"rendered":"Home"},"content":{"rendered":"<div data-elementor-type=\"wp-page\" data-elementor-id=\"7\" class=\"elementor elementor-7\" data-elementor-post-type=\"page\">\n\t\t\t\t<div data-particle_enable=\"false\" data-particle-mobile-disabled=\"false\" class=\"elementor-element elementor-element-66591a9 e-con-full e-flex e-con e-parent\" data-id=\"66591a9\" data-element_type=\"container\" data-settings=\"{&quot;background_background&quot;:&quot;classic&quot;}\">\n\t\t\t\t<div class=\"elementor-element elementor-element-fae3e11 elementor-widget elementor-widget-text-editor\" data-id=\"fae3e11\" data-element_type=\"widget\" data-widget_type=\"text-editor.default\">\n\t\t\t\t\t\t\t\t\t<p data-start=\"360\" data-end=\"430\">PROMOVIENDO LA SANACI\u00d3N INTEGRAL<\/p>\t\t\t\t\t\t\t\t<\/div>\n\t\t\t\t<div class=\"elementor-element elementor-element-6624bd9 elementor-widget elementor-widget-heading\" data-id=\"6624bd9\" data-element_type=\"widget\" data-widget_type=\"heading.default\">\n\t\t\t\t\t<h2 class=\"elementor-heading-title elementor-size-default\"> CENTRO HOL\u00cdSTICO\n<\/h2>\t\t\t\t<\/div>\n\t\t\t\t<div class=\"elementor-element elementor-element-877cfeb elementor-widget elementor-widget-text-editor\" data-id=\"877cfeb\" data-element_type=\"widget\" data-widget_type=\"text-editor.default\">\n\t\t\t\t\t\t\t\t\t<p data-start=\"360\" data-end=\"430\">\u00a0Naturaleza para curar, curaci\u00f3n para la naturaleza<\/p>\t\t\t\t\t\t\t\t<\/div>\n\t\t\t\t<\/div>\n\t\t\t\t<section data-particle_enable=\"false\" data-particle-mobile-disabled=\"false\" class=\"elementor-section elementor-top-section elementor-element elementor-element-307a9e24 elementor-section-content-bottom elementor-section-boxed elementor-section-height-default elementor-section-height-default\" data-id=\"307a9e24\" data-element_type=\"section\">\n\t\t\t\t\t\t<div class=\"elementor-container elementor-column-gap-no\">\n\t\t\t\t\t<div class=\"elementor-column elementor-col-50 elementor-top-column elementor-element elementor-element-6f5da1e8\" data-id=\"6f5da1e8\" data-element_type=\"column\">\n\t\t\t<div class=\"elementor-widget-wrap elementor-element-populated\">\n\t\t\t\t\t\t<div class=\"elementor-element elementor-element-22ae32d3 elementor-invisible elementor-widget elementor-widget-heading\" data-id=\"22ae32d3\" data-element_type=\"widget\" data-settings=\"{&quot;_animation&quot;:&quot;fadeInLeft&quot;}\" data-widget_type=\"heading.default\">\n\t\t\t\t\t<h2 class=\"elementor-heading-title elementor-size-default\">\u00bfQui\u00e9nes somos?<\/h2>\t\t\t\t<\/div>\n\t\t\t\t<div class=\"elementor-element elementor-element-482a1ecd elementor-invisible elementor-widget elementor-widget-text-editor\" data-id=\"482a1ecd\" data-element_type=\"widget\" data-settings=\"{&quot;_animation&quot;:&quot;fadeInLeft&quot;}\" data-widget_type=\"text-editor.default\">\n\t\t\t\t\t\t\t\t\t<p class=\"translation-block\">Somos una comunidad de <strong data-start=\"171\" data-end=\"195\">sanadores de la Tierra<\/strong> y del ser humano que desde el a\u00f1o <strong data-start=\"229\" data-end=\"237\">2006<\/strong> estamos <strong data-start=\"242\" data-end=\"264\">regenerando vidas<\/strong> para experimentar la <strong data-start=\"279\" data-end=\"297\">felicidad real<\/strong> basada en la <strong data-start=\"307\" data-end=\"320\">conciencia<\/strong> y la <strong data-start=\"325\" data-end=\"355\">conexi\u00f3n con la Madre Tierra<\/strong>. La <strong data-start=\"361\" data-end=\"389\">regeneraci\u00f3n de un bosque<\/strong> nos ha permitido <strong data-start=\"408\" data-end=\"436\">reconectarnos con la Tierra<\/strong>, <strong data-start=\"441\" data-end=\"459\">sanar nuestras ra\u00edces<\/strong>, <strong data-start=\"464\" data-end=\"485\">reclamar nuestro poder<\/strong> a trav\u00e9s de la <strong data-start=\"498\" data-end=\"524\">conciencia del ser<\/strong>, la <strong data-start=\"526\" data-end=\"548\">conciencia no dual<\/strong>, el <strong data-start=\"550\" data-end=\"574\">conocimiento cient\u00edfico<\/strong> y las <strong data-start=\"584\" data-end=\"604\">medicinas m\u00e1s antiguas<\/strong> de <strong data-start=\"610\" data-end=\"618\">Asia<\/strong>, los <strong data-start=\"624\" data-end=\"633\">Andes<\/strong> y la <strong data-start=\"643\" data-end=\"653\">Amazon\u00eda<\/strong>.<\/p>\t\t\t\t\t\t\t\t<\/div>\n\t\t\t\t\t<\/div>\n\t\t<\/div>\n\t\t\t\t<div class=\"elementor-column elementor-col-50 elementor-top-column elementor-element elementor-element-110b7689 elementor-invisible\" data-id=\"110b7689\" data-element_type=\"column\" data-settings=\"{&quot;background_background&quot;:&quot;classic&quot;,&quot;animation&quot;:&quot;fadeInUp&quot;}\">\n\t\t\t<div class=\"elementor-widget-wrap\">\n\t\t\t\t\t\t\t<\/div>\n\t\t<\/div>\n\t\t\t\t\t<\/div>\n\t\t<\/section>\n\t\t\t\t<section data-particle_enable=\"false\" data-particle-mobile-disabled=\"false\" class=\"elementor-section elementor-top-section elementor-element elementor-element-a1f2cdf elementor-section-boxed elementor-section-height-default elementor-section-height-default\" data-id=\"a1f2cdf\" data-element_type=\"section\" data-settings=\"{&quot;background_background&quot;:&quot;classic&quot;}\">\n\t\t\t\t\t\t<div class=\"elementor-container elementor-column-gap-no\">\n\t\t\t\t\t<div class=\"elementor-column elementor-col-100 elementor-top-column elementor-element elementor-element-97b1ed3\" data-id=\"97b1ed3\" data-element_type=\"column\">\n\t\t\t<div class=\"elementor-widget-wrap elementor-element-populated\">\n\t\t\t\t\t\t<section data-particle_enable=\"false\" data-particle-mobile-disabled=\"false\" class=\"elementor-section elementor-inner-section elementor-element elementor-element-ae677f3 elementor-section-boxed elementor-section-height-default elementor-section-height-default\" data-id=\"ae677f3\" data-element_type=\"section\">\n\t\t\t\t\t\t<div class=\"elementor-container elementor-column-gap-no\">\n\t\t\t\t\t<div class=\"elementor-column elementor-col-100 elementor-inner-column elementor-element elementor-element-1cc7104\" data-id=\"1cc7104\" data-element_type=\"column\">\n\t\t\t<div class=\"elementor-widget-wrap elementor-element-populated\">\n\t\t\t\t\t\t<div class=\"elementor-element elementor-element-321d050 elementor-widget elementor-widget-heading\" data-id=\"321d050\" data-element_type=\"widget\" data-widget_type=\"heading.default\">\n\t\t\t\t\t<h2 class=\"elementor-heading-title elementor-size-default\">\u00bfQue hacemos?\n<\/h2>\t\t\t\t<\/div>\n\t\t\t\t<div class=\"elementor-element elementor-element-e1b3459 elementor-widget elementor-widget-text-editor\" data-id=\"e1b3459\" data-element_type=\"widget\" data-widget_type=\"text-editor.default\">\n\t\t\t\t\t\t\t\t\t<p data-start=\"360\" data-end=\"430\" class=\"translation-block\">En el <strong data-start=\"166\" data-end=\"195\">Los Yapas Holistic Center<\/strong>, nuestra especialidad es <strong data-start=\"217\" data-end=\"246\">fusionar el conocimiento cient\u00edfico<\/strong> con la <em data-start=\"256\" data-end=\"313\">sabidur\u00eda ancestral de las plantas, los bosques y los pueblos nativos<\/em>, con el fin de <strong data-start=\"327\" data-end=\"381\">servir como canales de conciencia a trav\u00e9s de la sanaci\u00f3n<\/strong>.<br data-start=\"382\" data-end=\"385\">Por eso, hemos <strong data-start=\"404\" data-end=\"437\" data-is-only-node=\"\">co-creado viajes de Evoluci\u00f3n<\/strong> y <em data-start=\"442\" data-end=\"480\">muchas m\u00e1s experiencias transformadoras<\/em> de una <strong data-start=\"486\" data-end=\"500\">manera \u00fanica<\/strong>.<br data-start=\"501\" data-end=\"504\">\u00a1Y esto es lo que queremos <strong data-start=\"532\" data-end=\"550\">compartir contigo<\/strong>!<\/p>\t\t\t\t\t\t\t\t<\/div>\n\t\t\t\t\t<\/div>\n\t\t<\/div>\n\t\t\t\t\t<\/div>\n\t\t<\/section>\n\t\t\t\t\t<\/div>\n\t\t<\/div>\n\t\t\t\t\t<\/div>\n\t\t<\/section>\n\t\t\t\t<section data-particle_enable=\"false\" data-particle-mobile-disabled=\"false\" class=\"elementor-section elementor-top-section elementor-element elementor-element-143b76a elementor-section-boxed elementor-section-height-default elementor-section-height-default\" data-id=\"143b76a\" data-element_type=\"section\" data-settings=\"{&quot;background_background&quot;:&quot;classic&quot;}\">\n\t\t\t\t\t\t\t<div class=\"elementor-background-overlay\"><\/div>\n\t\t\t\t\t\t\t<div class=\"elementor-container elementor-column-gap-no\">\n\t\t\t\t\t<div class=\"elementor-column elementor-col-100 elementor-top-column elementor-element elementor-element-a5aac1b\" data-id=\"a5aac1b\" data-element_type=\"column\">\n\t\t\t<div class=\"elementor-widget-wrap elementor-element-populated\">\n\t\t\t\t\t\t<section data-particle_enable=\"false\" data-particle-mobile-disabled=\"false\" class=\"elementor-section elementor-inner-section elementor-element elementor-element-d161a6c elementor-section-boxed elementor-section-height-default elementor-section-height-default\" data-id=\"d161a6c\" data-element_type=\"section\">\n\t\t\t\t\t\t<div class=\"elementor-container elementor-column-gap-no\">\n\t\t\t\t\t<div class=\"elementor-column elementor-col-33 elementor-inner-column elementor-element elementor-element-66a684f\" data-id=\"66a684f\" data-element_type=\"column\">\n\t\t\t<div class=\"elementor-widget-wrap elementor-element-populated\">\n\t\t\t\t\t\t<div class=\"elementor-element elementor-element-5b3671d eael-infobox-content-align--left eael-infobox-shape-square eael-infobox-hover-img-shape-square elementor-invisible elementor-widget elementor-widget-eael-info-box\" data-id=\"5b3671d\" data-element_type=\"widget\" data-settings=\"{&quot;_animation&quot;:&quot;fadeInLeft&quot;}\" data-widget_type=\"eael-info-box.default\">\n\t\t\t\t\t            <a href=\"https:\/\/losyapas.org\/es\/regenerated-forest\/\">\n\t            <div class=\"eael-infobox icon-on-top\">\n\t            <div class=\"infobox-icon\">\n\n                            <img decoding=\"async\" src=\"https:\/\/losyapas.org\/wp-content\/uploads\/2025\/08\/Imagen1.jpg\" alt=\"\">\n            \n            \n            \n        <\/div>\n            <div class=\"infobox-content\">\n                    <div class=\"infobox-title-section\">\n                <h2 class=\"title\">\ud83c\udf33Bosque regenerado<\/h2>            <\/div>\n            <div><p>Reconectarse a trav\u00e9s de la sanaci\u00f3n de la tierra.<\/p><\/div>        <\/div>\n            <\/div>\n\n\t\t            <\/a>\n\t\t\t\t\t\t<\/div>\n\t\t\t\t\t<\/div>\n\t\t<\/div>\n\t\t\t\t<div class=\"elementor-column elementor-col-33 elementor-inner-column elementor-element elementor-element-e0c1dfb\" data-id=\"e0c1dfb\" data-element_type=\"column\">\n\t\t\t<div class=\"elementor-widget-wrap elementor-element-populated\">\n\t\t\t\t\t\t<div class=\"elementor-element elementor-element-af421c2 eael-infobox-content-align--left eael-infobox-shape-square eael-infobox-hover-img-shape-square elementor-invisible elementor-widget elementor-widget-eael-info-box\" data-id=\"af421c2\" data-element_type=\"widget\" data-settings=\"{&quot;_animation&quot;:&quot;zoomIn&quot;}\" data-widget_type=\"eael-info-box.default\">\n\t\t\t\t\t            <a href=\"https:\/\/losyapas.org\/es\/evolution-journeys\/\">\n\t            <div class=\"eael-infobox icon-on-top\">\n\t            <div class=\"infobox-icon\">\n\n                            <img decoding=\"async\" src=\"https:\/\/losyapas.org\/wp-content\/uploads\/2025\/08\/Imagen2.jpg\" alt=\"\">\n            \n            \n            \n        <\/div>\n            <div class=\"infobox-content\">\n                    <div class=\"infobox-title-section\">\n                <h2 class=\"title\">\u2728Viajes de evoluci\u00f3n<\/h2>            <\/div>\n            <div><p>Permanecer, sanar y crecer en la naturaleza.<\/p><\/div>        <\/div>\n            <\/div>\n\n\t\t            <\/a>\n\t\t\t\t\t\t<\/div>\n\t\t\t\t\t<\/div>\n\t\t<\/div>\n\t\t\t\t<div class=\"elementor-column elementor-col-33 elementor-inner-column elementor-element elementor-element-6809e24\" data-id=\"6809e24\" data-element_type=\"column\">\n\t\t\t<div class=\"elementor-widget-wrap elementor-element-populated\">\n\t\t\t\t\t\t<div class=\"elementor-element elementor-element-e6853e4 eael-infobox-content-align--left eael-infobox-shape-square eael-infobox-hover-img-shape-square elementor-invisible elementor-widget elementor-widget-eael-info-box\" data-id=\"e6853e4\" data-element_type=\"widget\" data-settings=\"{&quot;_animation&quot;:&quot;fadeInRight&quot;}\" data-widget_type=\"eael-info-box.default\">\n\t\t\t\t\t            <a href=\"https:\/\/losyapas.org\/es\/bioshop\/\">\n\t            <div class=\"eael-infobox icon-on-top\">\n\t            <div class=\"infobox-icon\">\n\n                            <img decoding=\"async\" src=\"https:\/\/losyapas.org\/wp-content\/uploads\/2025\/08\/Imagen3.jpg\" alt=\"\">\n            \n            \n            \n        <\/div>\n            <div class=\"infobox-content\">\n                    <div class=\"infobox-title-section\">\n                <h2 class=\"title\">\ud83c\udf3fBiotienda<\/h2>            <\/div>\n            <div><p>Terapias sagradas para el cuerpo y el alma.<\/p><\/div>        <\/div>\n            <\/div>\n\n\t\t            <\/a>\n\t\t\t\t\t\t<\/div>\n\t\t\t\t\t<\/div>\n\t\t<\/div>\n\t\t\t\t\t<\/div>\n\t\t<\/section>\n\t\t\t\t\t<\/div>\n\t\t<\/div>\n\t\t\t\t\t<\/div>\n\t\t<\/section>\n\t\t\t\t<section data-particle_enable=\"false\" data-particle-mobile-disabled=\"false\" class=\"elementor-section elementor-top-section elementor-element elementor-element-478246c1 elementor-section-boxed elementor-section-height-default elementor-section-height-default\" data-id=\"478246c1\" data-element_type=\"section\" data-settings=\"{&quot;background_background&quot;:&quot;classic&quot;}\">\n\t\t\t\t\t\t<div class=\"elementor-container elementor-column-gap-no\">\n\t\t\t\t\t<div class=\"elementor-column elementor-col-100 elementor-top-column elementor-element elementor-element-24ac366d\" data-id=\"24ac366d\" data-element_type=\"column\">\n\t\t\t<div class=\"elementor-widget-wrap elementor-element-populated\">\n\t\t\t\t\t\t<section data-particle_enable=\"false\" data-particle-mobile-disabled=\"false\" class=\"elementor-section elementor-inner-section elementor-element elementor-element-5215c456 elementor-section-boxed elementor-section-height-default elementor-section-height-default\" data-id=\"5215c456\" data-element_type=\"section\">\n\t\t\t\t\t\t<div class=\"elementor-container elementor-column-gap-no\">\n\t\t\t\t\t<div class=\"elementor-column elementor-col-100 elementor-inner-column elementor-element elementor-element-6853fe58\" data-id=\"6853fe58\" data-element_type=\"column\">\n\t\t\t<div class=\"elementor-widget-wrap elementor-element-populated\">\n\t\t\t\t\t\t<div class=\"elementor-element elementor-element-16a976c1 elementor-widget elementor-widget-heading\" data-id=\"16a976c1\" data-element_type=\"widget\" data-widget_type=\"heading.default\">\n\t\t\t\t\t<h2 class=\"elementor-heading-title elementor-size-default\">Retiros y Terapias<\/h2>\t\t\t\t<\/div>\n\t\t\t\t<div class=\"elementor-element elementor-element-4735b24d elementor-widget elementor-widget-text-editor\" data-id=\"4735b24d\" data-element_type=\"widget\" data-widget_type=\"text-editor.default\">\n\t\t\t\t\t\t\t\t\t<p>Plan de precios<\/p>\t\t\t\t\t\t\t\t<\/div>\n\t\t\t\t\t<\/div>\n\t\t<\/div>\n\t\t\t\t\t<\/div>\n\t\t<\/section>\n\t\t\t\t<section data-particle_enable=\"false\" data-particle-mobile-disabled=\"false\" class=\"elementor-section elementor-inner-section elementor-element elementor-element-4645cfff elementor-section-boxed elementor-section-height-default elementor-section-height-default\" data-id=\"4645cfff\" data-element_type=\"section\">\n\t\t\t\t\t\t<div class=\"elementor-container elementor-column-gap-no\">\n\t\t\t\t\t<div class=\"elementor-column elementor-col-33 elementor-inner-column elementor-element elementor-element-6c71b7af\" data-id=\"6c71b7af\" data-element_type=\"column\">\n\t\t\t<div class=\"elementor-widget-wrap elementor-element-populated\">\n\t\t\t\t\t\t<div class=\"elementor-element elementor-element-ae32f65 eael-pricing-content-align-center eael-pricing-button-align-center elementor-widget elementor-widget-eael-pricing-table\" data-id=\"ae32f65\" data-element_type=\"widget\" data-widget_type=\"eael-pricing-table.default\">\n\t\t\t\t\t    <div class=\"eael-pricing style-4\">\n                            <div class=\"eael-pricing style-4\">\n                <div class=\"eael-pricing-item\">\n                    <div class=\"eael-pricing-image\">\n                        <div class=\"eael-pricing-tag\">\n                            <span class=\"price-tag\"><span class=\"original-price\"><span class=\"price-currency\"><\/span><\/span><\/span><span class=\"price-period\"><\/span>                        <\/div>\n                    <\/div>\n                    <div class=\"header\">\n                        <h2 class=\"title\">Spiritual retreat and workshop<\/h2>\n                        <span class=\"subtitle\"><\/span>\n                    <\/div>\n                    <div class=\"body\">\n\t\t\t\t\t\t        <ul>\n                            <li class=\"eael-pricing-item-feature elementor-repeater-item-b691efe\">\n                    \n                                <span class=\"li-icon\">\n                            <\/span>\n\n        \n                    <span >A sacred space to reconnect, heal, and awaken through ancestral wisdom and holistic practices.<\/span>\n                    \n                     \n                <\/li>\n                    <\/ul>\n                        <\/div>\n\n                                        <div class=\"footer\">\n                        <a class=\"eael-pricing-button\" href=\"https:\/\/losyapas.org\/es\/regenerated-forest\/permaculture\/human-health-regeneration\/\" >\n\t\t\t\t\t\t\t\t\t\t\t\t\t\t\t\t\t\t\t\t\t\t\tlo quiero\t\t\t\t\t\t\t                        <\/a>\n                    <\/div>\n                    \n                <\/div>\n            <\/div>\n\t\t    <\/div>\n    \t\t\t\t<\/div>\n\t\t\t\t\t<\/div>\n\t\t<\/div>\n\t\t\t\t<div class=\"elementor-column elementor-col-33 elementor-inner-column elementor-element elementor-element-5a876aae\" data-id=\"5a876aae\" data-element_type=\"column\">\n\t\t\t<div class=\"elementor-widget-wrap elementor-element-populated\">\n\t\t\t\t\t\t<div class=\"elementor-element elementor-element-68b0e58 eael-pricing-content-align-center eael-pricing-button-align-center elementor-widget elementor-widget-eael-pricing-table\" data-id=\"68b0e58\" data-element_type=\"widget\" data-widget_type=\"eael-pricing-table.default\">\n\t\t\t\t\t    <div class=\"eael-pricing style-4\">\n                            <div class=\"eael-pricing style-4\">\n                <div class=\"eael-pricing-item\">\n                    <div class=\"eael-pricing-image\">\n                        <div class=\"eael-pricing-tag\">\n                            <span class=\"price-tag\"><span class=\"original-price\"><span class=\"price-currency\"><\/span><\/span><\/span><span class=\"price-period\"><\/span>                        <\/div>\n                    <\/div>\n                    <div class=\"header\">\n                        <h2 class=\"title\">Ancestral therapies and practices<\/h2>\n                        <span class=\"subtitle\"><\/span>\n                    <\/div>\n                    <div class=\"body\">\n\t\t\t\t\t\t        <ul>\n                            <li class=\"eael-pricing-item-feature elementor-repeater-item-b691efe\">\n                    \n                                <span class=\"li-icon\">\n                            <\/span>\n\n        \n                    <span >Connect with ancestral wisdom through healing practices that nurture both body and earth.<\/span>\n                    \n                     \n                <\/li>\n                    <\/ul>\n                        <\/div>\n\n                                        <div class=\"footer\">\n                        <a class=\"eael-pricing-button\" href=\"https:\/\/losyapas.org\/es\/ancestral-practices-and-therapies\/\" >\n\t\t\t\t\t\t\t\t\t\t\t\t\t\t\t\t\t\t\t\t\t\t\tlo quiero\t\t\t\t\t\t\t                        <\/a>\n                    <\/div>\n                    \n                <\/div>\n            <\/div>\n\t\t    <\/div>\n    \t\t\t\t<\/div>\n\t\t\t\t\t<\/div>\n\t\t<\/div>\n\t\t\t\t<div class=\"elementor-column elementor-col-33 elementor-inner-column elementor-element elementor-element-5850c9cc\" data-id=\"5850c9cc\" data-element_type=\"column\">\n\t\t\t<div class=\"elementor-widget-wrap elementor-element-populated\">\n\t\t\t\t\t\t<div class=\"elementor-element elementor-element-df22843 eael-pricing-content-align-center eael-pricing-button-align-center elementor-widget elementor-widget-eael-pricing-table\" data-id=\"df22843\" data-element_type=\"widget\" data-widget_type=\"eael-pricing-table.default\">\n\t\t\t\t\t    <div class=\"eael-pricing style-4\">\n                            <div class=\"eael-pricing style-4\">\n                <div class=\"eael-pricing-item\">\n                    <div class=\"eael-pricing-image\">\n                        <div class=\"eael-pricing-tag\">\n                            <span class=\"price-tag\"><span class=\"original-price\"><span class=\"price-currency\"><\/span><\/span><\/span><span class=\"price-period\"><\/span>                        <\/div>\n                    <\/div>\n                    <div class=\"header\">\n                        <h2 class=\"title\">Testimonials<\/h2>\n                        <span class=\"subtitle\"><\/span>\n                    <\/div>\n                    <div class=\"body\">\n\t\t\t\t\t\t        <ul>\n                            <li class=\"eael-pricing-item-feature elementor-repeater-item-b691efe\">\n                    \n                                <span class=\"li-icon\">\n                            <\/span>\n\n        \n                    <span >Voices of gratitude that reflect the extra blessings \u2014the yapas\u2014 gifted by nature and community.<\/span>\n                    \n                     \n                <\/li>\n                    <\/ul>\n                        <\/div>\n\n                                        <div class=\"footer\">\n                        <a class=\"eael-pricing-button\" href=\"https:\/\/losyapas.org\/es\/testimonials\/\" >\n\t\t\t\t\t\t\t\t\t\t\t\t\t\t\t\t\t\t\t\t\t\t\tlo quiero\t\t\t\t\t\t\t                        <\/a>\n                    <\/div>\n                    \n                <\/div>\n            <\/div>\n\t\t    <\/div>\n    \t\t\t\t<\/div>\n\t\t\t\t\t<\/div>\n\t\t<\/div>\n\t\t\t\t\t<\/div>\n\t\t<\/section>\n\t\t\t\t\t<\/div>\n\t\t<\/div>\n\t\t\t\t\t<\/div>\n\t\t<\/section>\n\t\t\t\t<\/div>","protected":false},"excerpt":{"rendered":"<p>PROMOTING INTEGRAL HEALING HOLISTIC CENTER \u00a0Nature for Healing, Healing for Nature Du premier d\u00e9p\u00f4t aux retraits : bien d\u00e9marrer et [&hellip;]<\/p>","protected":false},"author":1,"featured_media":0,"parent":0,"menu_order":0,"comment_status":"closed","ping_status":"closed","template":"elementor_header_footer","meta":{"site-sidebar-layout":"no-sidebar","site-content-layout":"","ast-site-content-layout":"full-width-container","site-content-style":"default","site-sidebar-style":"default","ast-global-header-display":"","ast-banner-title-visibility":"","ast-main-header-display":"","ast-hfb-above-header-display":"","ast-hfb-below-header-display":"","ast-hfb-mobile-header-display":"","site-post-title":"","ast-breadcrumbs-content":"","ast-featured-img":"disabled","footer-sml-layout":"","theme-transparent-header-meta":"","adv-header-id-meta":"","stick-header-meta":"","header-above-stick-meta":"","header-main-stick-meta":"","header-below-stick-meta":"","astra-migrate-meta-layouts":"default","ast-page-background-enabled":"default","ast-page-background-meta":{"desktop":{"background-color":"var(--ast-global-color-5)","background-image":"","background-repeat":"repeat","background-position":"center center","background-size":"auto","background-attachment":"scroll","background-type":"","background-media":"","overlay-type":"","overlay-color":"","overlay-opacity":"","overlay-gradient":""},"tablet":{"background-color":"","background-image":"","background-repeat":"repeat","background-position":"center center","background-size":"auto","background-attachment":"scroll","background-type":"","background-media":"","overlay-type":"","overlay-color":"","overlay-opacity":"","overlay-gradient":""},"mobile":{"background-color":"","background-image":"","background-repeat":"repeat","background-position":"center center","background-size":"auto","background-attachment":"scroll","background-type":"","background-media":"","overlay-type":"","overlay-color":"","overlay-opacity":"","overlay-gradient":""}},"ast-content-background-meta":{"desktop":{"background-color":"var(--ast-global-color-4)","background-image":"","background-repeat":"repeat","background-position":"center center","background-size":"auto","background-attachment":"scroll","background-type":"","background-media":"","overlay-type":"","overlay-color":"","overlay-opacity":"","overlay-gradient":""},"tablet":{"background-color":"var(--ast-global-color-4)","background-image":"","background-repeat":"repeat","background-position":"center center","background-size":"auto","background-attachment":"scroll","background-type":"","background-media":"","overlay-type":"","overlay-color":"","overlay-opacity":"","overlay-gradient":""},"mobile":{"background-color":"var(--ast-global-color-4)","background-image":"","background-repeat":"repeat","background-position":"center center","background-size":"auto","background-attachment":"scroll","background-type":"","background-media":"","overlay-type":"","overlay-color":"","overlay-opacity":"","overlay-gradient":""}},"footnotes":""},"class_list":["post-7","page","type-page","status-publish","hentry"],"_links":{"self":[{"href":"https:\/\/losyapas.org\/es\/wp-json\/wp\/v2\/pages\/7","targetHints":{"allow":["GET"]}}],"collection":[{"href":"https:\/\/losyapas.org\/es\/wp-json\/wp\/v2\/pages"}],"about":[{"href":"https:\/\/losyapas.org\/es\/wp-json\/wp\/v2\/types\/page"}],"author":[{"embeddable":true,"href":"https:\/\/losyapas.org\/es\/wp-json\/wp\/v2\/users\/1"}],"replies":[{"embeddable":true,"href":"https:\/\/losyapas.org\/es\/wp-json\/wp\/v2\/comments?post=7"}],"version-history":[{"count":138,"href":"https:\/\/losyapas.org\/es\/wp-json\/wp\/v2\/pages\/7\/revisions"}],"predecessor-version":[{"id":6194,"href":"https:\/\/losyapas.org\/es\/wp-json\/wp\/v2\/pages\/7\/revisions\/6194"}],"wp:attachment":[{"href":"https:\/\/losyapas.org\/es\/wp-json\/wp\/v2\/media?parent=7"}],"curies":[{"name":"wp","href":"https:\/\/api.w.org\/{rel}","templated":true}]}}