{"id":551,"date":"2025-08-11T03:41:16","date_gmt":"2025-08-11T03:41:16","guid":{"rendered":"https:\/\/losyapas.org\/?post_type=product&#038;p=551"},"modified":"2025-10-31T07:57:54","modified_gmt":"2025-10-31T07:57:54","slug":"guided-tours-2-hours-by-reservation","status":"publish","type":"product","link":"https:\/\/losyapas.org\/es\/producto\/guided-tours-2-hours-by-reservation\/","title":{"rendered":"Visitas guiadas (2 horas, con reserva previa)"},"content":{"rendered":"<p>D\u00e9jate guiar por nuestro bosque regenerado: aprecia las plantas ornamentales; aprende sobre plantas medicinales, propiedades y usos; escucha la historia del sitio y la importancia de las culturas ancestrales vivas de la Amazon\u00eda; descubre el arte para la concientizaci\u00f3n y la conservaci\u00f3n; y observa la rica biodiversidad.<\/p>\n<p>\u2022 Duraci\u00f3n: 2 horas<\/p>\n<p>\u2022 Reserva: Requerida (a trav\u00e9s de agencias de viajes o para hospedaje de hu\u00e9spedes)<\/p>","protected":false},"excerpt":{"rendered":"<p>Aprenda sobre plantas ornamentales y medicinales, la historia del sitio, culturas ancestrales vivas de la Amazon\u00eda, arte de conservaci\u00f3n y biodiversidad en nuestro bosque regenerado.<\/p>","protected":false},"featured_media":558,"comment_status":"open","ping_status":"closed","template":"","meta":{"site-sidebar-layout":"default","site-content-layout":"","ast-site-content-layout":"default","site-content-style":"default","site-sidebar-style":"default","ast-global-header-display":"","ast-banner-title-visibility":"","ast-main-header-display":"","ast-hfb-above-header-display":"","ast-hfb-below-header-display":"","ast-hfb-mobile-header-display":"","site-post-title":"","ast-breadcrumbs-content":"","ast-featured-img":"","footer-sml-layout":"","theme-transparent-header-meta":"default","adv-header-id-meta":"","stick-header-meta":"","header-above-stick-meta":"","header-main-stick-meta":"","header-below-stick-meta":"","astra-migrate-meta-layouts":"set","ast-page-background-enabled":"default","ast-page-background-meta":{"desktop":{"background-color":"var(--ast-global-color-5)","background-image":"","background-repeat":"repeat","background-position":"center center","background-size":"auto","background-attachment":"scroll","background-type":"","background-media":"","overlay-type":"","overlay-color":"","overlay-opacity":"","overlay-gradient":""},"tablet":{"background-color":"","background-image":"","background-repeat":"repeat","background-position":"center center","background-size":"auto","background-attachment":"scroll","background-type":"","background-media":"","overlay-type":"","overlay-color":"","overlay-opacity":"","overlay-gradient":""},"mobile":{"background-color":"","background-image":"","background-repeat":"repeat","background-position":"center center","background-size":"auto","background-attachment":"scroll","background-type":"","background-media":"","overlay-type":"","overlay-color":"","overlay-opacity":"","overlay-gradient":""}},"ast-content-background-meta":{"desktop":{"background-color":"var(--ast-global-color-4)","background-image":"","background-repeat":"repeat","background-position":"center center","background-size":"auto","background-attachment":"scroll","background-type":"","background-media":"","overlay-type":"","overlay-color":"","overlay-opacity":"","overlay-gradient":""},"tablet":{"background-color":"var(--ast-global-color-4)","background-image":"","background-repeat":"repeat","background-position":"center center","background-size":"auto","background-attachment":"scroll","background-type":"","background-media":"","overlay-type":"","overlay-color":"","overlay-opacity":"","overlay-gradient":""},"mobile":{"background-color":"var(--ast-global-color-4)","background-image":"","background-repeat":"repeat","background-position":"center center","background-size":"auto","background-attachment":"scroll","background-type":"","background-media":"","overlay-type":"","overlay-color":"","overlay-opacity":"","overlay-gradient":""}}},"product_brand":[],"product_cat":[33],"product_tag":[39,40,41,38,37],"class_list":{"0":"post-551","1":"product","2":"type-product","3":"status-publish","4":"has-post-thumbnail","6":"product_cat-experiences","7":"product_tag-amazon","8":"product_tag-biodiversity","9":"product_tag-culture","10":"product_tag-guided-tour","11":"product_tag-los-yapas","12":"desktop-align-left","13":"tablet-align-left","14":"mobile-align-left","16":"first","17":"instock","18":"shipping-taxable","19":"purchasable","20":"product-type-variable"},"_links":{"self":[{"href":"https:\/\/losyapas.org\/es\/wp-json\/wp\/v2\/product\/551","targetHints":{"allow":["GET"]}}],"collection":[{"href":"https:\/\/losyapas.org\/es\/wp-json\/wp\/v2\/product"}],"about":[{"href":"https:\/\/losyapas.org\/es\/wp-json\/wp\/v2\/types\/product"}],"replies":[{"embeddable":true,"href":"https:\/\/losyapas.org\/es\/wp-json\/wp\/v2\/comments?post=551"}],"wp:featuredmedia":[{"embeddable":true,"href":"https:\/\/losyapas.org\/es\/wp-json\/wp\/v2\/media\/558"}],"wp:attachment":[{"href":"https:\/\/losyapas.org\/es\/wp-json\/wp\/v2\/media?parent=551"}],"wp:term":[{"taxonomy":"product_brand","embeddable":true,"href":"https:\/\/losyapas.org\/es\/wp-json\/wp\/v2\/product_brand?post=551"},{"taxonomy":"product_cat","embeddable":true,"href":"https:\/\/losyapas.org\/es\/wp-json\/wp\/v2\/product_cat?post=551"},{"taxonomy":"product_tag","embeddable":true,"href":"https:\/\/losyapas.org\/es\/wp-json\/wp\/v2\/product_tag?post=551"}],"curies":[{"name":"wp","href":"https:\/\/api.w.org\/{rel}","templated":true}]}}