{"id":552,"date":"2025-08-11T03:41:16","date_gmt":"2025-08-11T03:41:16","guid":{"rendered":"https:\/\/losyapas.org\/producto\/japanese-garden-canoe-ride\/"},"modified":"2026-04-04T12:44:13","modified_gmt":"2026-04-04T12:44:13","slug":"japanese-garden-canoe-ride","status":"publish","type":"product","link":"https:\/\/losyapas.org\/es\/producto\/japanese-garden-canoe-ride\/","title":{"rendered":"Jard\u00edn japon\u00e9s y paseo en canoa"},"content":{"rendered":"<p>El Centro Hol\u00edstico Los Yapas cuenta con una laguna que te gu\u00eda a trav\u00e9s de un jard\u00edn de estilo japon\u00e9s: tres islas que simbolizan el camino de la vida: crecimiento y evoluci\u00f3n.<\/p>\n<p>Si te alojas con nosotros o te unes a nuestros viajes de evoluci\u00f3n, podr\u00e1s disfrutar de estos espacios de forma gratuita: da un paseo en canoa y d\u00e9jate llevar por la paz y la armon\u00eda del entorno.<\/p>\n<div style=\"width: 1920px;\" class=\"wp-video\"><video class=\"wp-video-shortcode\" id=\"video-552-1\" width=\"1920\" height=\"1080\" preload=\"metadata\" controls=\"controls\"><source type=\"video\/mp4\" src=\"https:\/\/losyapas.org\/wp-content\/uploads\/2025\/08\/Canoe-Lake.mp4?_=1\" \/><a href=\"https:\/\/losyapas.org\/wp-content\/uploads\/2025\/08\/Canoe-Lake.mp4\">https:\/\/losyapas.org\/wp-content\/uploads\/2025\/08\/Canoe-Lake.mp4<\/a><\/video><\/div>\n<div style=\"width: 1920px;\" class=\"wp-video\"><video class=\"wp-video-shortcode\" id=\"video-552-2\" width=\"1920\" height=\"1080\" preload=\"metadata\" controls=\"controls\"><source type=\"video\/mp4\" src=\"https:\/\/losyapas.org\/wp-content\/uploads\/2025\/08\/Jardin-japones.mp4?_=2\" \/><a href=\"https:\/\/losyapas.org\/wp-content\/uploads\/2025\/08\/Jardin-japones.mp4\">https:\/\/losyapas.org\/wp-content\/uploads\/2025\/08\/Jardin-japones.mp4<\/a><\/video><\/div>","protected":false},"excerpt":{"rendered":"<p>Un tranquilo jard\u00edn de estilo japon\u00e9s de tres islas con laguna y paseos en canoa. Entrada gratuita para hu\u00e9spedes alojados y retiros de evoluci\u00f3n.<\/p>","protected":false},"featured_media":574,"comment_status":"open","ping_status":"closed","template":"","meta":{"site-sidebar-layout":"default","site-content-layout":"","ast-site-content-layout":"default","site-content-style":"default","site-sidebar-style":"default","ast-global-header-display":"","ast-banner-title-visibility":"","ast-main-header-display":"","ast-hfb-above-header-display":"","ast-hfb-below-header-display":"","ast-hfb-mobile-header-display":"","site-post-title":"","ast-breadcrumbs-content":"","ast-featured-img":"","footer-sml-layout":"","theme-transparent-header-meta":"default","adv-header-id-meta":"","stick-header-meta":"","header-above-stick-meta":"","header-main-stick-meta":"","header-below-stick-meta":"","astra-migrate-meta-layouts":"set","ast-page-background-enabled":"default","ast-page-background-meta":{"desktop":{"background-color":"var(--ast-global-color-5)","background-image":"","background-repeat":"repeat","background-position":"center center","background-size":"auto","background-attachment":"scroll","background-type":"","background-media":"","overlay-type":"","overlay-color":"","overlay-opacity":"","overlay-gradient":""},"tablet":{"background-color":"","background-image":"","background-repeat":"repeat","background-position":"center center","background-size":"auto","background-attachment":"scroll","background-type":"","background-media":"","overlay-type":"","overlay-color":"","overlay-opacity":"","overlay-gradient":""},"mobile":{"background-color":"","background-image":"","background-repeat":"repeat","background-position":"center center","background-size":"auto","background-attachment":"scroll","background-type":"","background-media":"","overlay-type":"","overlay-color":"","overlay-opacity":"","overlay-gradient":""}},"ast-content-background-meta":{"desktop":{"background-color":"var(--ast-global-color-4)","background-image":"","background-repeat":"repeat","background-position":"center center","background-size":"auto","background-attachment":"scroll","background-type":"","background-media":"","overlay-type":"","overlay-color":"","overlay-opacity":"","overlay-gradient":""},"tablet":{"background-color":"var(--ast-global-color-4)","background-image":"","background-repeat":"repeat","background-position":"center center","background-size":"auto","background-attachment":"scroll","background-type":"","background-media":"","overlay-type":"","overlay-color":"","overlay-opacity":"","overlay-gradient":""},"mobile":{"background-color":"var(--ast-global-color-4)","background-image":"","background-repeat":"repeat","background-position":"center center","background-size":"auto","background-attachment":"scroll","background-type":"","background-media":"","overlay-type":"","overlay-color":"","overlay-opacity":"","overlay-gradient":""}}},"product_brand":[],"product_cat":[33],"product_tag":[35,34,37,36],"class_list":{"0":"post-552","1":"product","2":"type-product","3":"status-publish","4":"has-post-thumbnail","6":"product_cat-experiences","7":"product_tag-canoe","8":"product_tag-garden","9":"product_tag-los-yapas","10":"product_tag-relaxation","11":"desktop-align-left","12":"tablet-align-left","13":"mobile-align-left","15":"first","16":"instock","17":"product-type-simple"},"_links":{"self":[{"href":"https:\/\/losyapas.org\/es\/wp-json\/wp\/v2\/product\/552","targetHints":{"allow":["GET"]}}],"collection":[{"href":"https:\/\/losyapas.org\/es\/wp-json\/wp\/v2\/product"}],"about":[{"href":"https:\/\/losyapas.org\/es\/wp-json\/wp\/v2\/types\/product"}],"replies":[{"embeddable":true,"href":"https:\/\/losyapas.org\/es\/wp-json\/wp\/v2\/comments?post=552"}],"wp:featuredmedia":[{"embeddable":true,"href":"https:\/\/losyapas.org\/es\/wp-json\/wp\/v2\/media\/574"}],"wp:attachment":[{"href":"https:\/\/losyapas.org\/es\/wp-json\/wp\/v2\/media?parent=552"}],"wp:term":[{"taxonomy":"product_brand","embeddable":true,"href":"https:\/\/losyapas.org\/es\/wp-json\/wp\/v2\/product_brand?post=552"},{"taxonomy":"product_cat","embeddable":true,"href":"https:\/\/losyapas.org\/es\/wp-json\/wp\/v2\/product_cat?post=552"},{"taxonomy":"product_tag","embeddable":true,"href":"https:\/\/losyapas.org\/es\/wp-json\/wp\/v2\/product_tag?post=552"}],"curies":[{"name":"wp","href":"https:\/\/api.w.org\/{rel}","templated":true}]}}