{"id":553,"date":"2025-08-11T03:41:17","date_gmt":"2025-08-11T03:41:17","guid":{"rendered":"https:\/\/losyapas.org\/producto\/river-bath-clay-bath\/"},"modified":"2025-10-31T07:57:50","modified_gmt":"2025-10-31T07:57:50","slug":"river-bath-clay-bath","status":"publish","type":"product","link":"https:\/\/losyapas.org\/es\/producto\/river-bath-clay-bath\/","title":{"rendered":"Ba\u00f1o de r\u00edo y ba\u00f1o de arcilla"},"content":{"rendered":"<div style=\"width: 1920px;\" class=\"wp-video\"><video class=\"wp-video-shortcode\" id=\"video-553-1\" width=\"1920\" height=\"1080\" preload=\"metadata\" controls=\"controls\"><source type=\"video\/mp4\" src=\"https:\/\/losyapas.org\/wp-content\/uploads\/2025\/08\/bano-en-rio.mp4?_=1\" \/><a href=\"https:\/\/losyapas.org\/wp-content\/uploads\/2025\/08\/bano-en-rio.mp4\">https:\/\/losyapas.org\/wp-content\/uploads\/2025\/08\/bano-en-rio.mp4<\/a><\/video><\/div>\n<p>El r\u00edo Puyo nace en la parroquia de F\u00e1tima, donde se ubica el Centro Hol\u00edstico Los Yapas. Su maravillosa arcilla, rica en minerales, ayuda a limpiar, regenerar y enriquecer la piel, favoreciendo la circulaci\u00f3n y la oxigenaci\u00f3n.<\/p>\n<p>Ba\u00f1arse en arcilla de un r\u00edo amaz\u00f3nico no s\u00f3lo te revitaliza, deja tu piel suave y una agradable sensaci\u00f3n de unidad con la Tierra en medio del bosque.<\/p>\n<p>\u2022 Costo: Gratis. Simplemente disfrute de este regalo de la Tierra.<\/p>","protected":false},"excerpt":{"rendered":"<p>Arcilla revitalizante rica en minerales del r\u00edo Puyo: limpia, regenera y nutre la piel. Disfruta de ella gratis, un regalo de la Tierra.<\/p>","protected":false},"featured_media":572,"comment_status":"open","ping_status":"closed","template":"","meta":{"site-sidebar-layout":"default","site-content-layout":"","ast-site-content-layout":"default","site-content-style":"default","site-sidebar-style":"default","ast-global-header-display":"","ast-banner-title-visibility":"","ast-main-header-display":"","ast-hfb-above-header-display":"","ast-hfb-below-header-display":"","ast-hfb-mobile-header-display":"","site-post-title":"","ast-breadcrumbs-content":"","ast-featured-img":"","footer-sml-layout":"","theme-transparent-header-meta":"default","adv-header-id-meta":"","stick-header-meta":"","header-above-stick-meta":"","header-main-stick-meta":"","header-below-stick-meta":"","astra-migrate-meta-layouts":"set","ast-page-background-enabled":"default","ast-page-background-meta":{"desktop":{"background-color":"var(--ast-global-color-5)","background-image":"","background-repeat":"repeat","background-position":"center center","background-size":"auto","background-attachment":"scroll","background-type":"","background-media":"","overlay-type":"","overlay-color":"","overlay-opacity":"","overlay-gradient":""},"tablet":{"background-color":"","background-image":"","background-repeat":"repeat","background-position":"center center","background-size":"auto","background-attachment":"scroll","background-type":"","background-media":"","overlay-type":"","overlay-color":"","overlay-opacity":"","overlay-gradient":""},"mobile":{"background-color":"","background-image":"","background-repeat":"repeat","background-position":"center center","background-size":"auto","background-attachment":"scroll","background-type":"","background-media":"","overlay-type":"","overlay-color":"","overlay-opacity":"","overlay-gradient":""}},"ast-content-background-meta":{"desktop":{"background-color":"var(--ast-global-color-4)","background-image":"","background-repeat":"repeat","background-position":"center center","background-size":"auto","background-attachment":"scroll","background-type":"","background-media":"","overlay-type":"","overlay-color":"","overlay-opacity":"","overlay-gradient":""},"tablet":{"background-color":"var(--ast-global-color-4)","background-image":"","background-repeat":"repeat","background-position":"center center","background-size":"auto","background-attachment":"scroll","background-type":"","background-media":"","overlay-type":"","overlay-color":"","overlay-opacity":"","overlay-gradient":""},"mobile":{"background-color":"var(--ast-global-color-4)","background-image":"","background-repeat":"repeat","background-position":"center center","background-size":"auto","background-attachment":"scroll","background-type":"","background-media":"","overlay-type":"","overlay-color":"","overlay-opacity":"","overlay-gradient":""}}},"product_brand":[],"product_cat":[33],"product_tag":[42,37,43,44],"class_list":{"0":"post-553","1":"product","2":"type-product","3":"status-publish","4":"has-post-thumbnail","6":"product_cat-experiences","7":"product_tag-clay-bath","8":"product_tag-los-yapas","9":"product_tag-river","10":"product_tag-wellness","11":"desktop-align-left","12":"tablet-align-left","13":"mobile-align-left","15":"first","16":"instock","17":"product-type-simple"},"_links":{"self":[{"href":"https:\/\/losyapas.org\/es\/wp-json\/wp\/v2\/product\/553","targetHints":{"allow":["GET"]}}],"collection":[{"href":"https:\/\/losyapas.org\/es\/wp-json\/wp\/v2\/product"}],"about":[{"href":"https:\/\/losyapas.org\/es\/wp-json\/wp\/v2\/types\/product"}],"replies":[{"embeddable":true,"href":"https:\/\/losyapas.org\/es\/wp-json\/wp\/v2\/comments?post=553"}],"wp:featuredmedia":[{"embeddable":true,"href":"https:\/\/losyapas.org\/es\/wp-json\/wp\/v2\/media\/572"}],"wp:attachment":[{"href":"https:\/\/losyapas.org\/es\/wp-json\/wp\/v2\/media?parent=553"}],"wp:term":[{"taxonomy":"product_brand","embeddable":true,"href":"https:\/\/losyapas.org\/es\/wp-json\/wp\/v2\/product_brand?post=553"},{"taxonomy":"product_cat","embeddable":true,"href":"https:\/\/losyapas.org\/es\/wp-json\/wp\/v2\/product_cat?post=553"},{"taxonomy":"product_tag","embeddable":true,"href":"https:\/\/losyapas.org\/es\/wp-json\/wp\/v2\/product_tag?post=553"}],"curies":[{"name":"wp","href":"https:\/\/api.w.org\/{rel}","templated":true}]}}